{"id":273,"date":"2025-11-05T12:06:35","date_gmt":"2025-11-05T12:06:35","guid":{"rendered":"https:\/\/autobranchekonsulenten.dk\/?page_id=273"},"modified":"2025-11-12T16:15:23","modified_gmt":"2025-11-12T16:15:23","slug":"hvem-er-autobranchekonsulenten","status":"publish","type":"page","link":"https:\/\/autobranchekonsulenten.dk\/index.php\/hvem-er-autobranchekonsulenten\/","title":{"rendered":"Hvem er Autobranchekonsulenten?"},"content":{"rendered":"\t\t<div data-elementor-type=\"wp-page\" data-elementor-id=\"273\" class=\"elementor elementor-273\">\n\t\t\t\t<div class=\"elementor-element elementor-element-27b612b4 e-con-full e-flex e-con e-parent\" data-id=\"27b612b4\" data-element_type=\"container\">\n\t\t\t\t<div class=\"elementor-element elementor-element-deb3110 elementor-widget elementor-widget-text-editor\" data-id=\"deb3110\" data-element_type=\"widget\" data-widget_type=\"text-editor.default\">\n\t\t\t\t\t\t\t\t\t<h2 class=\"wp-block-heading has-large-font-size\" style=\"border-bottom-color: var(--wp--preset--color--foreground-alt); border-bottom-width: 2px; margin-bottom: var(--wp--preset--spacing--20); padding-top: 0; padding-bottom: 0;\">Hvem er Autobranchekonsulenten?<\/h2>\n<p><!-- \/wp:heading --><\/p>\n<p><!-- wp:media-text {\"align\":\"\",\"mediaId\":441,\"mediaLink\":\"https:\/\/autobranchekonsulenten.dk\/img_1415\/\",\"mediaType\":\"image\",\"mediaWidth\":36,\"verticalAlignment\":\"top\",\"imageFill\":true,\"style\":{\"spacing\":{\"padding\":{\"top\":\"0\",\"bottom\":\"0\"},\"margin\":{\"top\":\"0\",\"bottom\":\"0\"}}},\"backgroundColor\":\"background\",\"textColor\":\"black\",\"fontFamily\":\"oswald\"} --><\/p>\n<div class=\"wp-block-media-text is-stacked-on-mobile is-vertically-aligned-top is-image-fill-element has-black-color has-background-background-color has-text-color has-background has-oswald-font-family\" style=\"margin-top: 0; margin-bottom: 0; padding-top: 0; padding-bottom: 0; grid-template-columns: 36% auto;\">\n<figure class=\"wp-block-media-text__media\"><img fetchpriority=\"high\" decoding=\"async\" width=\"768\" height=\"1024\" class=\"wp-image-441 size-full\" style=\"object-position: 50% 50%;\" src=\"https:\/\/autobranchekonsulenten.dk\/wp-content\/uploads\/2025\/11\/IMG_1415-768x1024.jpeg\" alt=\"\" srcset=\"https:\/\/autobranchekonsulenten.dk\/wp-content\/uploads\/2025\/11\/IMG_1415-768x1024.jpeg 768w, https:\/\/autobranchekonsulenten.dk\/wp-content\/uploads\/2025\/11\/IMG_1415-225x300.jpeg 225w, https:\/\/autobranchekonsulenten.dk\/wp-content\/uploads\/2025\/11\/IMG_1415-1152x1536.jpeg 1152w, https:\/\/autobranchekonsulenten.dk\/wp-content\/uploads\/2025\/11\/IMG_1415-1536x2048.jpeg 1536w, https:\/\/autobranchekonsulenten.dk\/wp-content\/uploads\/2025\/11\/IMG_1415-scaled.jpeg 1920w\" sizes=\"(max-width: 768px) 100vw, 768px\" \/><\/figure>\n<div class=\"wp-block-media-text__content\">\n<p><!-- wp:paragraph {\"placeholder\":\"Content\u2026\",\"fontSize\":\"small\"} --><\/p>\n<p class=\"has-small-font-size\">Jeg hedder Erik Ladegaard og drives af at skabe fremdrift og ordentlighed i det, jeg arbejder med.<\/p>\n<p class=\"has-small-font-size\">Jeg har arbejdet i danske og internationale virksomheder.<\/p>\n<p><!-- \/wp:paragraph --><\/p>\n<p><!-- wp:paragraph {\"placeholder\":\"Content\u2026\",\"fontSize\":\"small\"} --><\/p>\n<p class=\"has-small-font-size\">Jeg har pr\u00f8vet det meste i autobranchen: repareret biler, solgt biler,\u00a0 solgt v\u00e6rkstedsudstyr og indretning af v\u00e6rksteder.\u00a0<\/p>\n<p class=\"has-small-font-size\">Jeg har haft flere lederstillinger som: salgschef, salgsdirekt\u00f8r, filiadirekt\u00f8r, adm direkt\u00f8r i b\u00e5de detail- og importdelen af branchen.<\/p>\n<p class=\"has-small-font-size\">Jeg har arbejdet n\u00e6sten 40 \u00e5r i branchen og har dermed oplevet b\u00e5de gode tider, finanskrisen og alt det midt imellem.<\/p>\n<p><!-- \/wp:paragraph --><\/p>\n<p><!-- wp:paragraph {\"fontSize\":\"small\"} --><\/p>\n<p class=\"has-small-font-size\">Jeg tror p\u00e5 ordentlighed \u2013 i samarbejdet, i kommunikationen og i den m\u00e5de, vi l\u00f8ser opgaverne p\u00e5.<\/p>\n<p><!-- \/wp:paragraph --><\/p>\n<p><!-- wp:paragraph {\"fontSize\":\"small\"} --><\/p>\n<p class=\"has-small-font-size\">N\u00e5r vi arbejder sammen, f\u00e5r du en engageret sparringspartner, der g\u00e5r hele vejen for at skabe resultater, du kan m\u00e6rke.<\/p>\n<p class=\"has-small-font-size\"><a href=\"https:\/\/www.linkedin.com\/in\/erik-ladegaard-8076b61b\/\"><span style=\"font-size: clamp(0.875rem, 0.8124rem + 0.313vw, 1.125rem);\">Se mere p\u00e5 LinkedIn\u00a0<\/span><\/a><\/p>\n<p><!-- \/wp:paragraph --><\/p>\n<\/div>\n<\/div>\n<p><!-- \/wp:media-text --><\/p>\t\t\t\t\t\t\t\t<\/div>\n\t\t\t\t<\/div>\n\t\t\t\t<\/div>\n\t\t","protected":false},"excerpt":{"rendered":"<p>Hvem er Autobranchekonsulenten? Jeg hedder Erik Ladegaard og drives af at skabe fremdrift og ordentlighed i det, jeg arbejder med. Jeg har arbejdet i danske og internationale virksomheder. Jeg har pr\u00f8vet det meste i autobranchen: repareret biler, solgt biler,\u00a0 solgt v\u00e6rkstedsudstyr og indretning af v\u00e6rksteder.\u00a0 Jeg har haft flere lederstillinger som: salgschef, salgsdirekt\u00f8r, filiadirekt\u00f8r, adm [&hellip;]<\/p>\n","protected":false},"author":1,"featured_media":0,"parent":0,"menu_order":0,"comment_status":"closed","ping_status":"closed","template":"no-title-sticky-header","meta":{"footnotes":""},"class_list":["post-273","page","type-page","status-publish","hentry"],"_links":{"self":[{"href":"https:\/\/autobranchekonsulenten.dk\/index.php\/wp-json\/wp\/v2\/pages\/273","targetHints":{"allow":["GET"]}}],"collection":[{"href":"https:\/\/autobranchekonsulenten.dk\/index.php\/wp-json\/wp\/v2\/pages"}],"about":[{"href":"https:\/\/autobranchekonsulenten.dk\/index.php\/wp-json\/wp\/v2\/types\/page"}],"author":[{"embeddable":true,"href":"https:\/\/autobranchekonsulenten.dk\/index.php\/wp-json\/wp\/v2\/users\/1"}],"replies":[{"embeddable":true,"href":"https:\/\/autobranchekonsulenten.dk\/index.php\/wp-json\/wp\/v2\/comments?post=273"}],"version-history":[{"count":39,"href":"https:\/\/autobranchekonsulenten.dk\/index.php\/wp-json\/wp\/v2\/pages\/273\/revisions"}],"predecessor-version":[{"id":487,"href":"https:\/\/autobranchekonsulenten.dk\/index.php\/wp-json\/wp\/v2\/pages\/273\/revisions\/487"}],"wp:attachment":[{"href":"https:\/\/autobranchekonsulenten.dk\/index.php\/wp-json\/wp\/v2\/media?parent=273"}],"curies":[{"name":"wp","href":"https:\/\/api.w.org\/{rel}","templated":true}]}}