{"id":243,"date":"2025-11-05T12:06:14","date_gmt":"2025-11-05T12:06:14","guid":{"rendered":"https:\/\/autobranchekonsulenten.dk\/?page_id=243"},"modified":"2026-01-30T09:54:47","modified_gmt":"2026-01-30T09:54:47","slug":"har-din-forretning-brug-for-et-pitstop","status":"publish","type":"page","link":"https:\/\/autobranchekonsulenten.dk\/","title":{"rendered":"Handling, der styrker drift, relationer og resultater"},"content":{"rendered":"<h2 style=\"border-bottom-width:1px;border-bottom-color:var(--wp--preset--color--foreground-alt); padding-bottom:var(--wp--preset--spacing--20);padding-right:0;padding-top:10px;padding-left:var(--wp--preset--spacing--40);margin-bottom:0;margin-top:10px;margin-left:var(--wp--preset--spacing--30);margin-right:0;\" class=\"has-text-align-left wp-block-post-title has-background has-background-background-color has-xx-large-font-size\">Handling, der styrker drift, relationer og resultater<\/h2>\n\n\n<div class=\"wp-block-group has-background-background-color has-background has-medium-font-size is-layout-flow wp-block-group-is-layout-flow\">\n<div class=\"wp-block-group is-layout-flow wp-block-group-is-layout-flow\">\n<div class=\"wp-block-group is-layout-flow wp-block-group-is-layout-flow\">\n<p><\/p>\n\n\n\n<p>Jeg hedder Erik Ladegaard og har arbejdet med n\u00e6sten alle facetter inden for autobranchen.<\/p>\n\n\n\n<p>Jeg kan hj\u00e6lpe jer med at skabe retning og fremdrift i forretningen \u2013 med fokus p\u00e5 helheden mellem medarbejdere, kunder og resultater.<\/p>\n\n\n\n<p>Jeg l\u00f8ser opgaver inden for b\u00e5de salg og eftermarked.<\/p>\n\n\n\n<p>Sammen finder vi de l\u00f8sninger, der g\u00f8r en reel forskel i hverdagen og giver jer en plan, I kan handle p\u00e5 med det samme.<\/p>\n\n\n\n<div class=\"wp-block-group is-layout-grid wp-container-core-group-is-layout-aac25428 wp-block-group-is-layout-grid\">\n<div class=\"wp-block-group is-vertical is-content-justification-left is-layout-flex wp-container-core-group-is-layout-2290e706 wp-block-group-is-layout-flex\">\n<figure class=\"wp-block-image size-full is-resized\"><img fetchpriority=\"high\" decoding=\"async\" width=\"2481\" height=\"1749\" src=\"https:\/\/autobranchekonsulenten.dk\/wp-content\/uploads\/2025\/11\/Kunde.png\" alt=\"\" class=\"wp-image-344\" style=\"width:138px;height:auto\" srcset=\"https:\/\/autobranchekonsulenten.dk\/wp-content\/uploads\/2025\/11\/Kunde.png 2481w, https:\/\/autobranchekonsulenten.dk\/wp-content\/uploads\/2025\/11\/Kunde-300x211.png 300w, https:\/\/autobranchekonsulenten.dk\/wp-content\/uploads\/2025\/11\/Kunde-1024x722.png 1024w, https:\/\/autobranchekonsulenten.dk\/wp-content\/uploads\/2025\/11\/Kunde-768x541.png 768w, https:\/\/autobranchekonsulenten.dk\/wp-content\/uploads\/2025\/11\/Kunde-1536x1083.png 1536w, https:\/\/autobranchekonsulenten.dk\/wp-content\/uploads\/2025\/11\/Kunde-2048x1444.png 2048w\" sizes=\"(max-width: 2481px) 100vw, 2481px\" \/><\/figure>\n\n\n\n<p>Kunderelationer<\/p>\n<\/div>\n\n\n\n<div class=\"wp-block-group is-vertical is-content-justification-left is-layout-flex wp-container-core-group-is-layout-2290e706 wp-block-group-is-layout-flex\">\n<figure class=\"wp-block-image size-full is-resized\"><img decoding=\"async\" width=\"2481\" height=\"1749\" src=\"https:\/\/autobranchekonsulenten.dk\/wp-content\/uploads\/2025\/11\/Stakeholder.png\" alt=\"\" class=\"wp-image-304\" style=\"width:138px;height:auto\" srcset=\"https:\/\/autobranchekonsulenten.dk\/wp-content\/uploads\/2025\/11\/Stakeholder.png 2481w, https:\/\/autobranchekonsulenten.dk\/wp-content\/uploads\/2025\/11\/Stakeholder-300x211.png 300w, https:\/\/autobranchekonsulenten.dk\/wp-content\/uploads\/2025\/11\/Stakeholder-1024x722.png 1024w, https:\/\/autobranchekonsulenten.dk\/wp-content\/uploads\/2025\/11\/Stakeholder-768x541.png 768w, https:\/\/autobranchekonsulenten.dk\/wp-content\/uploads\/2025\/11\/Stakeholder-1536x1083.png 1536w, https:\/\/autobranchekonsulenten.dk\/wp-content\/uploads\/2025\/11\/Stakeholder-2048x1444.png 2048w\" sizes=\"(max-width: 2481px) 100vw, 2481px\" \/><\/figure>\n\n\n\n<p class=\"has-text-align-center\">Stakeholderrelationer<\/p>\n<\/div>\n\n\n\n<div class=\"wp-block-group is-vertical is-content-justification-left is-layout-flex wp-container-core-group-is-layout-2290e706 wp-block-group-is-layout-flex\">\n<figure class=\"wp-block-image size-full is-resized\"><img decoding=\"async\" width=\"2481\" height=\"1749\" src=\"https:\/\/autobranchekonsulenten.dk\/wp-content\/uploads\/2025\/11\/Ledelse-og-drift.png\" alt=\"\" class=\"wp-image-297\" style=\"width:138px;height:auto\" srcset=\"https:\/\/autobranchekonsulenten.dk\/wp-content\/uploads\/2025\/11\/Ledelse-og-drift.png 2481w, https:\/\/autobranchekonsulenten.dk\/wp-content\/uploads\/2025\/11\/Ledelse-og-drift-300x211.png 300w, https:\/\/autobranchekonsulenten.dk\/wp-content\/uploads\/2025\/11\/Ledelse-og-drift-1024x722.png 1024w, https:\/\/autobranchekonsulenten.dk\/wp-content\/uploads\/2025\/11\/Ledelse-og-drift-768x541.png 768w, https:\/\/autobranchekonsulenten.dk\/wp-content\/uploads\/2025\/11\/Ledelse-og-drift-1536x1083.png 1536w, https:\/\/autobranchekonsulenten.dk\/wp-content\/uploads\/2025\/11\/Ledelse-og-drift-2048x1444.png 2048w\" sizes=\"(max-width: 2481px) 100vw, 2481px\" \/><\/figure>\n\n\n\n<p class=\"has-text-align-center\">Ledelse og Drift<\/p>\n<\/div>\n\n\n\n<div class=\"wp-block-group is-vertical is-content-justification-left is-layout-flex wp-container-core-group-is-layout-2290e706 wp-block-group-is-layout-flex\">\n<figure class=\"wp-block-image size-full is-resized\"><img loading=\"lazy\" decoding=\"async\" width=\"2481\" height=\"1749\" src=\"https:\/\/autobranchekonsulenten.dk\/wp-content\/uploads\/2025\/11\/Salg.png\" alt=\"\" class=\"wp-image-345\" style=\"width:138px;height:auto\" srcset=\"https:\/\/autobranchekonsulenten.dk\/wp-content\/uploads\/2025\/11\/Salg.png 2481w, https:\/\/autobranchekonsulenten.dk\/wp-content\/uploads\/2025\/11\/Salg-300x211.png 300w, https:\/\/autobranchekonsulenten.dk\/wp-content\/uploads\/2025\/11\/Salg-1024x722.png 1024w, https:\/\/autobranchekonsulenten.dk\/wp-content\/uploads\/2025\/11\/Salg-768x541.png 768w, https:\/\/autobranchekonsulenten.dk\/wp-content\/uploads\/2025\/11\/Salg-1536x1083.png 1536w, https:\/\/autobranchekonsulenten.dk\/wp-content\/uploads\/2025\/11\/Salg-2048x1444.png 2048w\" sizes=\"(max-width: 2481px) 100vw, 2481px\" \/><\/figure>\n\n\n\n<p class=\"has-text-align-center\">Salg, indk\u00f8b og markedsf\u00f8ring<\/p>\n<\/div>\n\n\n\n<div class=\"wp-block-group is-vertical is-content-justification-left is-layout-flex wp-container-core-group-is-layout-2290e706 wp-block-group-is-layout-flex\">\n<figure class=\"wp-block-image size-full is-resized\"><img loading=\"lazy\" decoding=\"async\" width=\"2481\" height=\"1749\" src=\"https:\/\/autobranchekonsulenten.dk\/wp-content\/uploads\/2025\/11\/Direktoer-og-partnere.png\" alt=\"\" class=\"wp-image-346\" style=\"width:138px;height:auto\" srcset=\"https:\/\/autobranchekonsulenten.dk\/wp-content\/uploads\/2025\/11\/Direktoer-og-partnere.png 2481w, https:\/\/autobranchekonsulenten.dk\/wp-content\/uploads\/2025\/11\/Direktoer-og-partnere-300x211.png 300w, https:\/\/autobranchekonsulenten.dk\/wp-content\/uploads\/2025\/11\/Direktoer-og-partnere-1024x722.png 1024w, https:\/\/autobranchekonsulenten.dk\/wp-content\/uploads\/2025\/11\/Direktoer-og-partnere-768x541.png 768w, https:\/\/autobranchekonsulenten.dk\/wp-content\/uploads\/2025\/11\/Direktoer-og-partnere-1536x1083.png 1536w, https:\/\/autobranchekonsulenten.dk\/wp-content\/uploads\/2025\/11\/Direktoer-og-partnere-2048x1444.png 2048w\" sizes=\"(max-width: 2481px) 100vw, 2481px\" \/><\/figure>\n\n\n\n<p class=\"has-text-align-center\">Rekruttering, interim ans\u00e6ttelse<\/p>\n<\/div>\n\n\n\n<div class=\"wp-block-group is-vertical is-content-justification-left is-layout-flex wp-container-core-group-is-layout-2290e706 wp-block-group-is-layout-flex\">\n<figure class=\"wp-block-image size-full is-resized\"><img loading=\"lazy\" decoding=\"async\" width=\"2481\" height=\"1749\" src=\"https:\/\/autobranchekonsulenten.dk\/wp-content\/uploads\/2025\/11\/Optimering.png\" alt=\"\" class=\"wp-image-347\" style=\"width:138px;height:auto\" srcset=\"https:\/\/autobranchekonsulenten.dk\/wp-content\/uploads\/2025\/11\/Optimering.png 2481w, https:\/\/autobranchekonsulenten.dk\/wp-content\/uploads\/2025\/11\/Optimering-300x211.png 300w, https:\/\/autobranchekonsulenten.dk\/wp-content\/uploads\/2025\/11\/Optimering-1024x722.png 1024w, https:\/\/autobranchekonsulenten.dk\/wp-content\/uploads\/2025\/11\/Optimering-768x541.png 768w, https:\/\/autobranchekonsulenten.dk\/wp-content\/uploads\/2025\/11\/Optimering-1536x1083.png 1536w, https:\/\/autobranchekonsulenten.dk\/wp-content\/uploads\/2025\/11\/Optimering-2048x1444.png 2048w\" sizes=\"(max-width: 2481px) 100vw, 2481px\" \/><\/figure>\n\n\n\n<p class=\"has-text-align-center\">Optimering af processer og procedurer<\/p>\n<\/div>\n<\/div>\n\n\n\n<p>T\u00f8v ikke med at kontakte mig, gerne p\u00e5 telefon 40 35 11 70 eller send en mail til : <a href=\"mailto:kontakt@autobranchekonsulenten.dk\">kontakt@autobranchekonsulenten.dk<\/a><\/p>\n<\/div>\n<\/div>\n<\/div>\n","protected":false},"excerpt":{"rendered":"<p>Jeg hedder Erik Ladegaard og har arbejdet med n\u00e6sten alle facetter inden for autobranchen. Jeg kan hj\u00e6lpe jer med at skabe retning og fremdrift i forretningen \u2013 med fokus p\u00e5 helheden mellem medarbejdere, kunder og resultater. Jeg l\u00f8ser opgaver inden for b\u00e5de salg og eftermarked. Sammen finder vi de l\u00f8sninger, der g\u00f8r en reel forskel [&hellip;]<\/p>\n","protected":false},"author":1,"featured_media":56,"parent":0,"menu_order":0,"comment_status":"closed","ping_status":"closed","template":"no-title-sticky-header","meta":{"footnotes":""},"class_list":["post-243","page","type-page","status-publish","has-post-thumbnail","hentry"],"_links":{"self":[{"href":"https:\/\/autobranchekonsulenten.dk\/index.php\/wp-json\/wp\/v2\/pages\/243","targetHints":{"allow":["GET"]}}],"collection":[{"href":"https:\/\/autobranchekonsulenten.dk\/index.php\/wp-json\/wp\/v2\/pages"}],"about":[{"href":"https:\/\/autobranchekonsulenten.dk\/index.php\/wp-json\/wp\/v2\/types\/page"}],"author":[{"embeddable":true,"href":"https:\/\/autobranchekonsulenten.dk\/index.php\/wp-json\/wp\/v2\/users\/1"}],"replies":[{"embeddable":true,"href":"https:\/\/autobranchekonsulenten.dk\/index.php\/wp-json\/wp\/v2\/comments?post=243"}],"version-history":[{"count":46,"href":"https:\/\/autobranchekonsulenten.dk\/index.php\/wp-json\/wp\/v2\/pages\/243\/revisions"}],"predecessor-version":[{"id":484,"href":"https:\/\/autobranchekonsulenten.dk\/index.php\/wp-json\/wp\/v2\/pages\/243\/revisions\/484"}],"wp:featuredmedia":[{"embeddable":true,"href":"https:\/\/autobranchekonsulenten.dk\/index.php\/wp-json\/wp\/v2\/media\/56"}],"wp:attachment":[{"href":"https:\/\/autobranchekonsulenten.dk\/index.php\/wp-json\/wp\/v2\/media?parent=243"}],"curies":[{"name":"wp","href":"https:\/\/api.w.org\/{rel}","templated":true}]}}